{"id":1861,"date":"2025-03-13T18:18:34","date_gmt":"2025-03-13T18:18:34","guid":{"rendered":"https:\/\/domencapital.azurewebsites.net\/?page_id=1861"},"modified":"2025-04-24T16:18:11","modified_gmt":"2025-04-24T16:18:11","slug":"consultoria-marketing-digital","status":"publish","type":"page","link":"https:\/\/www.domencapital.com\/en\/consultoria-marketing-digital\/","title":{"rendered":"Consultor\u00eda marketing digital"},"content":{"rendered":"<div data-elementor-type=\"wp-page\" data-elementor-id=\"1861\" class=\"elementor elementor-1861\" data-elementor-post-type=\"page\">\n\t\t\t\t<div class=\"elementor-element elementor-element-c6234de e-con-full e-flex e-con e-parent\" data-id=\"c6234de\" data-element_type=\"container\" data-e-type=\"container\" data-settings=\"{&quot;background_background&quot;:&quot;classic&quot;}\">\n\t\t<div class=\"elementor-element elementor-element-304bdf5 e-con-full e-flex e-con e-child\" data-id=\"304bdf5\" data-element_type=\"container\" data-e-type=\"container\">\n\t\t\t\t<div class=\"elementor-element elementor-element-210b29a elementor-widget elementor-widget-heading\" data-id=\"210b29a\" data-element_type=\"widget\" data-e-type=\"widget\" data-widget_type=\"heading.default\">\n\t\t\t\t<div class=\"elementor-widget-container\">\n\t\t\t\t\t<h2 class=\"elementor-heading-title elementor-size-default\">Consultor\u00eda en <br>\nMarketing Estrat\u00e9gico<\/h2>\t\t\t\t<\/div>\n\t\t\t\t<\/div>\n\t\t\t\t<div class=\"elementor-element elementor-element-e8b3eea elementor-widget elementor-widget-text-editor\" data-id=\"e8b3eea\" data-element_type=\"widget\" data-e-type=\"widget\" data-widget_type=\"text-editor.default\">\n\t\t\t\t<div class=\"elementor-widget-container\">\n\t\t\t\t\t\t\t\t\t<p><span class=\"OYPEnA font-feature-liga-off font-feature-clig-off font-feature-calt-off text-decoration-none text-strikethrough-none\">Estrategia personalizada para el crecimiento de tu negocio.<\/span><\/p>\t\t\t\t\t\t\t\t<\/div>\n\t\t\t\t<\/div>\n\t\t\t\t<\/div>\n\t\t\t\t<\/div>\n\t\t<div class=\"elementor-element elementor-element-895a437 e-con-full e-flex e-con e-parent\" data-id=\"895a437\" data-element_type=\"container\" data-e-type=\"container\">\n\t\t\t\t<div class=\"elementor-element elementor-element-d89e915 elementor-widget elementor-widget-image\" data-id=\"d89e915\" data-element_type=\"widget\" data-e-type=\"widget\" data-widget_type=\"image.default\">\n\t\t\t\t<div class=\"elementor-widget-container\">\n\t\t\t\t\t\t\t\t\t\t\t\t\t\t\t<img fetchpriority=\"high\" decoding=\"async\" width=\"1250\" height=\"1250\" src=\"https:\/\/www.domencapital.com\/wp-content\/uploads\/2025\/03\/flecha-22.png\" class=\"attachment-full size-full wp-image-1886\" alt=\"\" srcset=\"https:\/\/www.domencapital.com\/wp-content\/uploads\/2025\/03\/flecha-22.png 1250w, https:\/\/www.domencapital.com\/wp-content\/uploads\/2025\/03\/flecha-22-300x300.png 300w, https:\/\/www.domencapital.com\/wp-content\/uploads\/2025\/03\/flecha-22-1024x1024.png 1024w, https:\/\/www.domencapital.com\/wp-content\/uploads\/2025\/03\/flecha-22-150x150.png 150w, https:\/\/www.domencapital.com\/wp-content\/uploads\/2025\/03\/flecha-22-768x768.png 768w, https:\/\/www.domencapital.com\/wp-content\/uploads\/2025\/03\/flecha-22-12x12.png 12w\" sizes=\"(max-width: 1250px) 100vw, 1250px\" \/>\t\t\t\t\t\t\t\t\t\t\t\t\t\t\t<\/div>\n\t\t\t\t<\/div>\n\t\t\t\t<\/div>\n\t\t<div class=\"elementor-element elementor-element-5c91ca7 e-flex e-con-boxed e-con e-parent\" data-id=\"5c91ca7\" data-element_type=\"container\" data-e-type=\"container\" data-settings=\"{&quot;background_background&quot;:&quot;classic&quot;}\">\n\t\t\t\t\t<div class=\"e-con-inner\">\n\t\t<div class=\"elementor-element elementor-element-ecb4e2d e-con-full e-flex e-con e-child\" data-id=\"ecb4e2d\" data-element_type=\"container\" data-e-type=\"container\">\n\t\t\t\t<div class=\"elementor-element elementor-element-f63614f elementor-hidden-mobile elementor-widget elementor-widget-image\" data-id=\"f63614f\" data-element_type=\"widget\" data-e-type=\"widget\" data-widget_type=\"image.default\">\n\t\t\t\t<div class=\"elementor-widget-container\">\n\t\t\t\t\t\t\t\t\t\t\t\t\t\t\t<img decoding=\"async\" width=\"625\" height=\"625\" src=\"https:\/\/www.domencapital.com\/wp-content\/uploads\/2025\/01\/web-2.0-11.png\" class=\"attachment-full size-full wp-image-1443\" alt=\"\" srcset=\"https:\/\/www.domencapital.com\/wp-content\/uploads\/2025\/01\/web-2.0-11.png 625w, https:\/\/www.domencapital.com\/wp-content\/uploads\/2025\/01\/web-2.0-11-300x300.png 300w, https:\/\/www.domencapital.com\/wp-content\/uploads\/2025\/01\/web-2.0-11-150x150.png 150w\" sizes=\"(max-width: 625px) 100vw, 625px\" \/>\t\t\t\t\t\t\t\t\t\t\t\t\t\t\t<\/div>\n\t\t\t\t<\/div>\n\t\t\t\t<\/div>\n\t\t<div class=\"elementor-element elementor-element-86e02a6 e-con-full e-flex e-con e-child\" data-id=\"86e02a6\" data-element_type=\"container\" data-e-type=\"container\">\n\t\t\t\t<div class=\"elementor-element elementor-element-ff57d78 elementor-widget elementor-widget-heading\" data-id=\"ff57d78\" data-element_type=\"widget\" data-e-type=\"widget\" data-widget_type=\"heading.default\">\n\t\t\t\t<div class=\"elementor-widget-container\">\n\t\t\t\t\t<h2 class=\"elementor-heading-title elementor-size-default\">What  <br> hacemos?<\/h2>\t\t\t\t<\/div>\n\t\t\t\t<\/div>\n\t\t\t\t<div class=\"elementor-element elementor-element-babea0b elementor-widget elementor-widget-text-editor\" data-id=\"babea0b\" data-element_type=\"widget\" data-e-type=\"widget\" data-widget_type=\"text-editor.default\">\n\t\t\t\t<div class=\"elementor-widget-container\">\n\t\t\t\t\t\t\t\t\t<p><span class=\"OYPEnA font-feature-liga-off font-feature-clig-off font-feature-calt-off text-decoration-none text-strikethrough-none\">Desarrollamos estrategias de marketing personalizadas que alinean los objetivos de tu negocio con las necesidades de tus clientes, asegurando un crecimiento sostenible<\/span><\/p>\t\t\t\t\t\t\t\t<\/div>\n\t\t\t\t<\/div>\n\t\t\t\t<div class=\"elementor-element elementor-element-31c20cb elementor-hidden-desktop elementor-hidden-laptop elementor-hidden-tablet_extra elementor-hidden-tablet elementor-hidden-mobile_extra elementor-widget elementor-widget-image\" data-id=\"31c20cb\" data-element_type=\"widget\" data-e-type=\"widget\" data-widget_type=\"image.default\">\n\t\t\t\t<div class=\"elementor-widget-container\">\n\t\t\t\t\t\t\t\t\t\t\t\t\t\t\t<img decoding=\"async\" width=\"625\" height=\"625\" src=\"https:\/\/www.domencapital.com\/wp-content\/uploads\/2025\/01\/web-2.0-11.png\" class=\"attachment-full size-full wp-image-1443\" alt=\"\" srcset=\"https:\/\/www.domencapital.com\/wp-content\/uploads\/2025\/01\/web-2.0-11.png 625w, https:\/\/www.domencapital.com\/wp-content\/uploads\/2025\/01\/web-2.0-11-300x300.png 300w, https:\/\/www.domencapital.com\/wp-content\/uploads\/2025\/01\/web-2.0-11-150x150.png 150w\" sizes=\"(max-width: 625px) 100vw, 625px\" \/>\t\t\t\t\t\t\t\t\t\t\t\t\t\t\t<\/div>\n\t\t\t\t<\/div>\n\t\t\t\t<\/div>\n\t\t\t\t\t<\/div>\n\t\t\t\t<\/div>\n\t\t<div class=\"elementor-element elementor-element-80f7d60 e-flex e-con-boxed e-con e-parent\" data-id=\"80f7d60\" data-element_type=\"container\" data-e-type=\"container\" data-settings=\"{&quot;background_background&quot;:&quot;classic&quot;}\">\n\t\t\t\t\t<div class=\"e-con-inner\">\n\t\t<div class=\"elementor-element elementor-element-65dbb21 e-con-full e-flex e-con e-child\" data-id=\"65dbb21\" data-element_type=\"container\" data-e-type=\"container\">\n\t\t\t\t<div class=\"elementor-element elementor-element-7d31cce elementor-widget elementor-widget-heading\" data-id=\"7d31cce\" data-element_type=\"widget\" data-e-type=\"widget\" data-widget_type=\"heading.default\">\n\t\t\t\t<div class=\"elementor-widget-container\">\n\t\t\t\t\t<h2 class=\"elementor-heading-title elementor-size-default\">\u00bfPor qu\u00e9  <br> elegirnos?<\/h2>\t\t\t\t<\/div>\n\t\t\t\t<\/div>\n\t\t\t\t<div class=\"elementor-element elementor-element-a23eb17 elementor-widget elementor-widget-text-editor\" data-id=\"a23eb17\" data-element_type=\"widget\" data-e-type=\"widget\" data-widget_type=\"text-editor.default\">\n\t\t\t\t<div class=\"elementor-widget-container\">\n\t\t\t\t\t\t\t\t\t<p><span class=\"OYPEnA font-feature-liga-off font-feature-clig-off font-feature-calt-off text-decoration-none text-strikethrough-none\">A diferencia de las agencias tradicionales que solo buscan impresiones y clics, en Docreative nos enfocamos en resultados tangibles, como la generaci\u00f3n de leads cualificados y el incremento de ventas. Aplicamos ciclos cortos de experimentaci\u00f3n y optimizaci\u00f3n continua para maximizar el impacto de cada acci\u00f3n.<\/span><\/p>\t\t\t\t\t\t\t\t<\/div>\n\t\t\t\t<\/div>\n\t\t\t\t<\/div>\n\t\t<div class=\"elementor-element elementor-element-0039e07 e-con-full e-flex e-con e-child\" data-id=\"0039e07\" data-element_type=\"container\" data-e-type=\"container\">\n\t\t\t\t<div class=\"elementor-element elementor-element-6f62bdd elementor-widget elementor-widget-image\" data-id=\"6f62bdd\" data-element_type=\"widget\" data-e-type=\"widget\" data-widget_type=\"image.default\">\n\t\t\t\t<div class=\"elementor-widget-container\">\n\t\t\t\t\t\t\t\t\t\t\t\t\t\t\t<img decoding=\"async\" width=\"2084\" height=\"2500\" src=\"https:\/\/www.domencapital.com\/wp-content\/uploads\/2025\/03\/servicio-1-23.webp\" class=\"attachment-full size-full wp-image-1879\" alt=\"\" srcset=\"https:\/\/www.domencapital.com\/wp-content\/uploads\/2025\/03\/servicio-1-23.webp 2084w, https:\/\/www.domencapital.com\/wp-content\/uploads\/2025\/03\/servicio-1-23-250x300.webp 250w, https:\/\/www.domencapital.com\/wp-content\/uploads\/2025\/03\/servicio-1-23-854x1024.webp 854w, https:\/\/www.domencapital.com\/wp-content\/uploads\/2025\/03\/servicio-1-23-768x921.webp 768w, https:\/\/www.domencapital.com\/wp-content\/uploads\/2025\/03\/servicio-1-23-1280x1536.webp 1280w, https:\/\/www.domencapital.com\/wp-content\/uploads\/2025\/03\/servicio-1-23-1707x2048.webp 1707w, https:\/\/www.domencapital.com\/wp-content\/uploads\/2025\/03\/servicio-1-23-10x12.webp 10w\" sizes=\"(max-width: 2084px) 100vw, 2084px\" \/>\t\t\t\t\t\t\t\t\t\t\t\t\t\t\t<\/div>\n\t\t\t\t<\/div>\n\t\t\t\t<\/div>\n\t\t\t\t\t<\/div>\n\t\t\t\t<\/div>\n\t\t<div class=\"elementor-element elementor-element-7cceb4a e-con-full e-flex e-con e-parent\" data-id=\"7cceb4a\" data-element_type=\"container\" data-e-type=\"container\" data-settings=\"{&quot;background_background&quot;:&quot;classic&quot;}\">\n\t\t<div class=\"elementor-element elementor-element-595e200 e-con-full e-flex e-con e-child\" data-id=\"595e200\" data-element_type=\"container\" data-e-type=\"container\">\n\t\t\t\t<div class=\"elementor-element elementor-element-62ac285 elementor-widget elementor-widget-image\" data-id=\"62ac285\" data-element_type=\"widget\" data-e-type=\"widget\" data-widget_type=\"image.default\">\n\t\t\t\t<div class=\"elementor-widget-container\">\n\t\t\t\t\t\t\t\t\t\t\t\t\t\t\t<img loading=\"lazy\" decoding=\"async\" width=\"1250\" height=\"1250\" src=\"https:\/\/www.domencapital.com\/wp-content\/uploads\/2025\/04\/web-2.0-29.png\" class=\"attachment-full size-full wp-image-2044\" alt=\"\" srcset=\"https:\/\/www.domencapital.com\/wp-content\/uploads\/2025\/04\/web-2.0-29.png 1250w, https:\/\/www.domencapital.com\/wp-content\/uploads\/2025\/04\/web-2.0-29-300x300.png 300w, https:\/\/www.domencapital.com\/wp-content\/uploads\/2025\/04\/web-2.0-29-1024x1024.png 1024w, https:\/\/www.domencapital.com\/wp-content\/uploads\/2025\/04\/web-2.0-29-150x150.png 150w, https:\/\/www.domencapital.com\/wp-content\/uploads\/2025\/04\/web-2.0-29-768x768.png 768w, https:\/\/www.domencapital.com\/wp-content\/uploads\/2025\/04\/web-2.0-29-12x12.png 12w\" sizes=\"(max-width: 1250px) 100vw, 1250px\" \/>\t\t\t\t\t\t\t\t\t\t\t\t\t\t\t<\/div>\n\t\t\t\t<\/div>\n\t\t\t\t<\/div>\n\t\t<div class=\"elementor-element elementor-element-e03ef38 e-con-full e-flex e-con e-child\" data-id=\"e03ef38\" data-element_type=\"container\" data-e-type=\"container\">\n\t\t\t\t<div class=\"elementor-element elementor-element-3c12efb elementor-widget elementor-widget-heading\" data-id=\"3c12efb\" data-element_type=\"widget\" data-e-type=\"widget\" data-widget_type=\"heading.default\">\n\t\t\t\t<div class=\"elementor-widget-container\">\n\t\t\t\t\t<h2 class=\"elementor-heading-title elementor-size-default\">Metodolog\u00eda: The Docre Way<\/h2>\t\t\t\t<\/div>\n\t\t\t\t<\/div>\n\t\t\t\t<div class=\"elementor-element elementor-element-977d7eb elementor-widget elementor-widget-text-editor\" data-id=\"977d7eb\" data-element_type=\"widget\" data-e-type=\"widget\" data-widget_type=\"text-editor.default\">\n\t\t\t\t<div class=\"elementor-widget-container\">\n\t\t\t\t\t\t\t\t\t<p class=\"cvGsUA direction-ltr align-center para-style-body\"><span class=\"OYPEnA font-feature-liga-off font-feature-clig-off font-feature-calt-off text-decoration-none text-strikethrough-none\">Partimos desde la estrategia, comprendiendo a fondo el mercado, los clientes y la competencia.<\/span><\/p><p class=\"cvGsUA direction-ltr align-center para-style-body\"><span class=\"OYPEnA font-feature-liga-off font-feature-clig-off font-feature-calt-off text-decoration-none text-strikethrough-none\">No seguimos f\u00f3rmulas gen\u00e9ricas, sino que creamos planes adaptados a cada empresa para garantizar crecimiento sostenible.<\/span><\/p>\t\t\t\t\t\t\t\t<\/div>\n\t\t\t\t<\/div>\n\t\t\t\t<\/div>\n\t\t<div class=\"elementor-element elementor-element-83fc155 e-con-full e-flex e-con e-child\" data-id=\"83fc155\" data-element_type=\"container\" data-e-type=\"container\">\n\t\t\t\t<div class=\"elementor-element elementor-element-ce35e50 elementor-widget elementor-widget-image\" data-id=\"ce35e50\" data-element_type=\"widget\" data-e-type=\"widget\" data-widget_type=\"image.default\">\n\t\t\t\t<div class=\"elementor-widget-container\">\n\t\t\t\t\t\t\t\t\t\t\t\t\t\t\t<img loading=\"lazy\" decoding=\"async\" width=\"1250\" height=\"1250\" src=\"https:\/\/www.domencapital.com\/wp-content\/uploads\/2025\/04\/web-2.0-29.png\" class=\"attachment-full size-full wp-image-2044\" alt=\"\" srcset=\"https:\/\/www.domencapital.com\/wp-content\/uploads\/2025\/04\/web-2.0-29.png 1250w, https:\/\/www.domencapital.com\/wp-content\/uploads\/2025\/04\/web-2.0-29-300x300.png 300w, https:\/\/www.domencapital.com\/wp-content\/uploads\/2025\/04\/web-2.0-29-1024x1024.png 1024w, https:\/\/www.domencapital.com\/wp-content\/uploads\/2025\/04\/web-2.0-29-150x150.png 150w, https:\/\/www.domencapital.com\/wp-content\/uploads\/2025\/04\/web-2.0-29-768x768.png 768w, https:\/\/www.domencapital.com\/wp-content\/uploads\/2025\/04\/web-2.0-29-12x12.png 12w\" sizes=\"(max-width: 1250px) 100vw, 1250px\" \/>\t\t\t\t\t\t\t\t\t\t\t\t\t\t\t<\/div>\n\t\t\t\t<\/div>\n\t\t\t\t<\/div>\n\t\t\t\t<\/div>\n\t\t<div class=\"elementor-element elementor-element-9ec1ab3 e-con-full e-flex e-con e-parent\" data-id=\"9ec1ab3\" data-element_type=\"container\" data-e-type=\"container\">\n\t\t\t\t<div class=\"elementor-element elementor-element-b380083 elementor-widget elementor-widget-heading\" data-id=\"b380083\" data-element_type=\"widget\" data-e-type=\"widget\" data-widget_type=\"heading.default\">\n\t\t\t\t<div class=\"elementor-widget-container\">\n\t\t\t\t\t<h2 class=\"elementor-heading-title elementor-size-default\">\u00bfQu\u00e9 incluye <br> nuestro servicio?<\/h2>\t\t\t\t<\/div>\n\t\t\t\t<\/div>\n\t\t\t\t<\/div>\n\t\t<div class=\"elementor-element elementor-element-1ba2d93 e-con-full e-flex e-con e-parent\" data-id=\"1ba2d93\" data-element_type=\"container\" data-e-type=\"container\">\n\t\t<div class=\"elementor-element elementor-element-f66e619 e-con-full e-flex e-con e-child\" data-id=\"f66e619\" data-element_type=\"container\" data-e-type=\"container\">\n\t\t<div class=\"elementor-element elementor-element-1e5d7c2 e-con-full e-flex e-con e-child\" data-id=\"1e5d7c2\" data-element_type=\"container\" data-e-type=\"container\" data-settings=\"{&quot;background_background&quot;:&quot;classic&quot;}\">\n\t\t\t\t<div class=\"elementor-element elementor-element-96563da elementor-widget elementor-widget-heading\" data-id=\"96563da\" data-element_type=\"widget\" data-e-type=\"widget\" data-widget_type=\"heading.default\">\n\t\t\t\t<div class=\"elementor-widget-container\">\n\t\t\t\t\t<h2 class=\"elementor-heading-title elementor-size-default\">Auditor\u00eda y an\u00e1lisis del <br> ecosistema digital de tu <br> empresa<\/h2>\t\t\t\t<\/div>\n\t\t\t\t<\/div>\n\t\t\t\t<\/div>\n\t\t<div class=\"elementor-element elementor-element-dbeae1a e-con-full e-flex e-con e-child\" data-id=\"dbeae1a\" data-element_type=\"container\" data-e-type=\"container\" data-settings=\"{&quot;background_background&quot;:&quot;classic&quot;}\">\n\t\t\t\t<div class=\"elementor-element elementor-element-59652b1 elementor-widget elementor-widget-heading\" data-id=\"59652b1\" data-element_type=\"widget\" data-e-type=\"widget\" data-widget_type=\"heading.default\">\n\t\t\t\t<div class=\"elementor-widget-container\">\n\t\t\t\t\t<h2 class=\"elementor-heading-title elementor-size-default\">An\u00e1lisis de mercado y <br>comportamiento del<br> consumidor<\/h2>\t\t\t\t<\/div>\n\t\t\t\t<\/div>\n\t\t\t\t<\/div>\n\t\t<div class=\"elementor-element elementor-element-7925cc3 e-con-full e-flex e-con e-child\" data-id=\"7925cc3\" data-element_type=\"container\" data-e-type=\"container\" data-settings=\"{&quot;background_background&quot;:&quot;classic&quot;}\">\n\t\t\t\t<div class=\"elementor-element elementor-element-c027290 elementor-widget elementor-widget-heading\" data-id=\"c027290\" data-element_type=\"widget\" data-e-type=\"widget\" data-widget_type=\"heading.default\">\n\t\t\t\t<div class=\"elementor-widget-container\">\n\t\t\t\t\t<h2 class=\"elementor-heading-title elementor-size-default\">Definici\u00f3n de objetivos y <br> estrategia de marketing digital<\/h2>\t\t\t\t<\/div>\n\t\t\t\t<\/div>\n\t\t\t\t<\/div>\n\t\t<div class=\"elementor-element elementor-element-908bf5a e-con-full e-flex e-con e-child\" data-id=\"908bf5a\" data-element_type=\"container\" data-e-type=\"container\" data-settings=\"{&quot;background_background&quot;:&quot;classic&quot;}\">\n\t\t\t\t<div class=\"elementor-element elementor-element-09ae2c3 elementor-widget elementor-widget-heading\" data-id=\"09ae2c3\" data-element_type=\"widget\" data-e-type=\"widget\" data-widget_type=\"heading.default\">\n\t\t\t\t<div class=\"elementor-widget-container\">\n\t\t\t\t\t<h2 class=\"elementor-heading-title elementor-size-default\">Creaci\u00f3n de roadmap de <br> crecimiento digital<\/h2>\t\t\t\t<\/div>\n\t\t\t\t<\/div>\n\t\t\t\t<\/div>\n\t\t<div class=\"elementor-element elementor-element-84d6212 e-con-full e-flex e-con e-child\" data-id=\"84d6212\" data-element_type=\"container\" data-e-type=\"container\" data-settings=\"{&quot;background_background&quot;:&quot;classic&quot;}\">\n\t\t\t\t<div class=\"elementor-element elementor-element-eda906e elementor-widget elementor-widget-heading\" data-id=\"eda906e\" data-element_type=\"widget\" data-e-type=\"widget\" data-widget_type=\"heading.default\">\n\t\t\t\t<div class=\"elementor-widget-container\">\n\t\t\t\t\t<h2 class=\"elementor-heading-title elementor-size-default\">Implementaci\u00f3n y <br> seguimiento de KPIs<\/h2>\t\t\t\t<\/div>\n\t\t\t\t<\/div>\n\t\t\t\t<\/div>\n\t\t\t\t<\/div>\n\t\t<div class=\"elementor-element elementor-element-9b8856e e-con-full e-flex e-con e-child\" data-id=\"9b8856e\" data-element_type=\"container\" data-e-type=\"container\">\n\t\t\t\t<div class=\"elementor-element elementor-element-ba1e8c5 elementor-widget elementor-widget-image\" data-id=\"ba1e8c5\" data-element_type=\"widget\" data-e-type=\"widget\" data-widget_type=\"image.default\">\n\t\t\t\t<div class=\"elementor-widget-container\">\n\t\t\t\t\t\t\t\t\t\t\t\t\t\t\t<img loading=\"lazy\" decoding=\"async\" width=\"2165\" height=\"2500\" src=\"https:\/\/www.domencapital.com\/wp-content\/uploads\/2025\/04\/servicios-4-26.webp\" class=\"attachment-full size-full wp-image-2043\" alt=\"\" srcset=\"https:\/\/www.domencapital.com\/wp-content\/uploads\/2025\/04\/servicios-4-26.webp 2165w, https:\/\/www.domencapital.com\/wp-content\/uploads\/2025\/04\/servicios-4-26-260x300.webp 260w, https:\/\/www.domencapital.com\/wp-content\/uploads\/2025\/04\/servicios-4-26-887x1024.webp 887w, https:\/\/www.domencapital.com\/wp-content\/uploads\/2025\/04\/servicios-4-26-768x887.webp 768w, https:\/\/www.domencapital.com\/wp-content\/uploads\/2025\/04\/servicios-4-26-1330x1536.webp 1330w, https:\/\/www.domencapital.com\/wp-content\/uploads\/2025\/04\/servicios-4-26-1774x2048.webp 1774w, https:\/\/www.domencapital.com\/wp-content\/uploads\/2025\/04\/servicios-4-26-10x12.webp 10w\" sizes=\"(max-width: 2165px) 100vw, 2165px\" \/>\t\t\t\t\t\t\t\t\t\t\t\t\t\t\t<\/div>\n\t\t\t\t<\/div>\n\t\t\t\t<\/div>\n\t\t\t\t<\/div>\n\t\t<div class=\"elementor-element elementor-element-7a86ead e-con-full e-flex e-con e-parent\" data-id=\"7a86ead\" data-element_type=\"container\" data-e-type=\"container\">\n\t\t\t\t<div class=\"elementor-element elementor-element-469db3c elementor-widget elementor-widget-image\" data-id=\"469db3c\" data-element_type=\"widget\" data-e-type=\"widget\" data-widget_type=\"image.default\">\n\t\t\t\t<div class=\"elementor-widget-container\">\n\t\t\t\t\t\t\t\t\t\t\t\t\t\t\t<img fetchpriority=\"high\" decoding=\"async\" width=\"1250\" height=\"1250\" src=\"https:\/\/www.domencapital.com\/wp-content\/uploads\/2025\/03\/flecha-22.png\" class=\"attachment-full size-full wp-image-1886\" alt=\"\" srcset=\"https:\/\/www.domencapital.com\/wp-content\/uploads\/2025\/03\/flecha-22.png 1250w, https:\/\/www.domencapital.com\/wp-content\/uploads\/2025\/03\/flecha-22-300x300.png 300w, https:\/\/www.domencapital.com\/wp-content\/uploads\/2025\/03\/flecha-22-1024x1024.png 1024w, https:\/\/www.domencapital.com\/wp-content\/uploads\/2025\/03\/flecha-22-150x150.png 150w, https:\/\/www.domencapital.com\/wp-content\/uploads\/2025\/03\/flecha-22-768x768.png 768w, https:\/\/www.domencapital.com\/wp-content\/uploads\/2025\/03\/flecha-22-12x12.png 12w\" sizes=\"(max-width: 1250px) 100vw, 1250px\" \/>\t\t\t\t\t\t\t\t\t\t\t\t\t\t\t<\/div>\n\t\t\t\t<\/div>\n\t\t\t\t<\/div>\n\t\t<div class=\"elementor-element elementor-element-d9176bb e-flex e-con-boxed e-con e-parent\" data-id=\"d9176bb\" data-element_type=\"container\" data-e-type=\"container\" data-settings=\"{&quot;background_background&quot;:&quot;classic&quot;}\">\n\t\t\t\t\t<div class=\"e-con-inner\">\n\t\t\t\t<div class=\"elementor-element elementor-element-e6e6315 elementor-widget elementor-widget-heading\" data-id=\"e6e6315\" data-element_type=\"widget\" data-e-type=\"widget\" data-widget_type=\"heading.default\">\n\t\t\t\t<div class=\"elementor-widget-container\">\n\t\t\t\t\t<h2 class=\"elementor-heading-title elementor-size-default\">\u00bfListo para transformar tu estrategia y tu marca?<\/h2>\t\t\t\t<\/div>\n\t\t\t\t<\/div>\n\t\t\t\t<div class=\"elementor-element elementor-element-7bd4d1c elementor-widget elementor-widget-text-editor\" data-id=\"7bd4d1c\" data-element_type=\"widget\" data-e-type=\"widget\" data-widget_type=\"text-editor.default\">\n\t\t\t\t<div class=\"elementor-widget-container\">\n\t\t\t\t\t\t\t\t\t<p><span class=\"OYPEnA font-feature-liga-off font-feature-clig-off font-feature-calt-off text-decoration-none text-strikethrough-none\">Nuestros consultores est\u00e1n aqu\u00ed para ayudarte a alcanzar resultados excepcionales y destacar en un mercado en constante evoluci\u00f3n.<\/span><\/p>\t\t\t\t\t\t\t\t<\/div>\n\t\t\t\t<\/div>\n\t\t<div class=\"elementor-element elementor-element-c473533 e-con-full e-flex e-con e-child\" data-id=\"c473533\" data-element_type=\"container\" data-e-type=\"container\">\n\t\t<div class=\"elementor-element elementor-element-32e9bc6 e-con-full e-flex e-con e-child\" data-id=\"32e9bc6\" data-element_type=\"container\" data-e-type=\"container\">\n\t\t\t\t<div class=\"elementor-element elementor-element-8cf609e elementor-align-center elementor-mobile-align-center elementor-widget elementor-widget-button\" data-id=\"8cf609e\" data-element_type=\"widget\" data-e-type=\"widget\" data-widget_type=\"button.default\">\n\t\t\t\t<div class=\"elementor-widget-container\">\n\t\t\t\t\t\t\t\t\t<div class=\"elementor-button-wrapper\">\n\t\t\t\t\t<a class=\"elementor-button elementor-button-link elementor-size-sm\" href=\"#\">\n\t\t\t\t\t\t<span class=\"elementor-button-content-wrapper\">\n\t\t\t\t\t\t\t\t\t<span class=\"elementor-button-text\">Reserva una Consultor\u00eda<\/span>\n\t\t\t\t\t<\/span>\n\t\t\t\t\t<\/a>\n\t\t\t\t<\/div>\n\t\t\t\t\t\t\t\t<\/div>\n\t\t\t\t<\/div>\n\t\t\t\t<\/div>\n\t\t<div class=\"elementor-element elementor-element-42060e9 e-con-full e-flex e-con e-child\" data-id=\"42060e9\" data-element_type=\"container\" data-e-type=\"container\">\n\t\t\t\t<div class=\"elementor-element elementor-element-c8d1532 elementor-align-center elementor-mobile-align-center elementor-widget elementor-widget-button\" data-id=\"c8d1532\" data-element_type=\"widget\" data-e-type=\"widget\" data-widget_type=\"button.default\">\n\t\t\t\t<div class=\"elementor-widget-container\">\n\t\t\t\t\t\t\t\t\t<div class=\"elementor-button-wrapper\">\n\t\t\t\t\t<a class=\"elementor-button elementor-button-link elementor-size-sm\" href=\"#\">\n\t\t\t\t\t\t<span class=\"elementor-button-content-wrapper\">\n\t\t\t\t\t\t\t\t\t<span class=\"elementor-button-text\">Descarga un Caso de \u00c9xito<\/span>\n\t\t\t\t\t<\/span>\n\t\t\t\t\t<\/a>\n\t\t\t\t<\/div>\n\t\t\t\t\t\t\t\t<\/div>\n\t\t\t\t<\/div>\n\t\t\t\t<\/div>\n\t\t\t\t<\/div>\n\t\t\t\t\t<\/div>\n\t\t\t\t<\/div>\n\t\t\t\t<\/div>","protected":false},"excerpt":{"rendered":"<p>Consultor\u00eda en Marketing Estrat\u00e9gico Estrategia personalizada para el crecimiento de tu negocio. \u00bfQu\u00e9 hacemos? Desarrollamos estrategias de marketing personalizadas que alinean los objetivos de tu negocio con las necesidades de tus clientes, asegurando un crecimiento sostenible \u00bfPor qu\u00e9 elegirnos? A diferencia de las agencias tradicionales que solo buscan impresiones y clics, en Docreative nos enfocamos [&hellip;]<\/p>\n","protected":false},"author":1,"featured_media":0,"parent":0,"menu_order":0,"comment_status":"closed","ping_status":"closed","template":"","meta":{"footnotes":""},"class_list":["post-1861","page","type-page","status-publish","hentry"],"_links":{"self":[{"href":"https:\/\/www.domencapital.com\/en\/wp-json\/wp\/v2\/pages\/1861","targetHints":{"allow":["GET"]}}],"collection":[{"href":"https:\/\/www.domencapital.com\/en\/wp-json\/wp\/v2\/pages"}],"about":[{"href":"https:\/\/www.domencapital.com\/en\/wp-json\/wp\/v2\/types\/page"}],"author":[{"embeddable":true,"href":"https:\/\/www.domencapital.com\/en\/wp-json\/wp\/v2\/users\/1"}],"replies":[{"embeddable":true,"href":"https:\/\/www.domencapital.com\/en\/wp-json\/wp\/v2\/comments?post=1861"}],"version-history":[{"count":85,"href":"https:\/\/www.domencapital.com\/en\/wp-json\/wp\/v2\/pages\/1861\/revisions"}],"predecessor-version":[{"id":2236,"href":"https:\/\/www.domencapital.com\/en\/wp-json\/wp\/v2\/pages\/1861\/revisions\/2236"}],"wp:attachment":[{"href":"https:\/\/www.domencapital.com\/en\/wp-json\/wp\/v2\/media?parent=1861"}],"curies":[{"name":"wp","href":"https:\/\/api.w.org\/{rel}","templated":true}]}}